{"id":301,"date":"2025-10-09T11:19:54","date_gmt":"2025-10-09T09:19:54","guid":{"rendered":"https:\/\/linamorganfreeman.com\/?page_id=301"},"modified":"2025-10-09T11:23:48","modified_gmt":"2025-10-09T09:23:48","slug":"terminos-y-condiciones","status":"publish","type":"page","link":"https:\/\/linamorganfreeman.com\/index.php\/terminos-y-condiciones\/","title":{"rendered":"T\u00e9rminos y condiciones"},"content":{"rendered":"\n<p>Las presentes condiciones de uso de la p\u00e1gina web, regulan los t\u00e9rminos de acceso y uso de\u00a0<a href=\"http:\/\/linamorganfreeman.com\" target=\"_blank\" rel=\"noreferrer noopener\">linamorganfreeman.com<\/a>, propiedad de Asociaci\u00f3n Musical HiGain\u00a0y correo electr\u00f3nico\u00a0<a href=\"mailto:prozaksoup@gmail.com\" target=\"_blank\" rel=\"noreferrer noopener\">hola@linamorganfreeman.com<\/a>, en adelante, \u201cla Asociaci\u00f3n\u201d, que el usuario del portal deber\u00e1 aceptar para usar todos los servicios e informaci\u00f3n que se facilitan desde el portal.<\/p>\n\n\n\n<p>El usuario as\u00ed como la Asociaci\u00f3n, propietaria del portal, podr\u00e1n ser denominados conjuntamente como las partes. El mero acceso o utilizaci\u00f3n del portal, de todos o parte de sus contenidos y servicios significa la plena aceptaci\u00f3n de las presentes condiciones de uso. La puesta a disposici\u00f3n y el uso del portal se entiende sometida al estricto cumplimiento de los t\u00e9rminos recogidos en las presentes condiciones de uso del portal.<\/p>\n\n\n\n<p><strong>Colores de los productos<\/strong><\/p>\n\n\n\n<p>Los productos, debido a que las muestras de los mismos son fotografias, pueden dar pi\u00e9 a leves variaciones en las tonalidades de los colores.&nbsp;<\/p>\n\n\n\n<p>En el caso de no estar conforme con el articulo recibido por este motivo el cliente dispone de un plazo de 15 dias des de la fecha de recepci\u00f3n para la devoluci\u00f3n del mismo. Tras la recepci\u00f3n de la devoluci\u00f3n, la empresa se compromete a su reembolso.<\/p>\n\n\n\n<p>Contenido del portal<\/p>\n\n\n\n<p><strong>Informaci\u00f3n y servicios:<\/strong><\/p>\n\n\n\n<p>Los usuarios pueden acceder a trav\u00e9s del portal a diferente tipo de informaci\u00f3n y servicios. El portal se reserva la facultad de modificar, en cualquier momento, y sin aviso previo, la presentaci\u00f3n y configuraci\u00f3n de la informaci\u00f3n y servicios ofrecidos desde el portal. El usuario reconoce y acepta expresamente que en cualquier momento el portal pueda interrumpir, desactivar y\/o cancelar cualquier informaci\u00f3n o servicio. El portal realizar\u00e1 sus mejores esfuerzos para intentar garantizar la disponibilidad y accesibilidad a la web. No obstante, en ocasiones, por razones de mantenimiento, actualizaci\u00f3n, cambio de ubicaci\u00f3n, etc., podr\u00e1 suponer la interrupci\u00f3n del acceso al portal.<\/p>\n\n\n\n<p><strong>Responsabilidad del Portal sobre los contenidos:<\/strong><\/p>\n\n\n\n<p>Opc A. La aplicaci\u00f3n no interviene en la creaci\u00f3n de aquellos contenidos y\/o servicios prestados o suministrados por terceras partes en y\/o a trav\u00e9s de la aplicaci\u00f3n, del mismo modo que tampoco controla su licitud. En cualquier caso, no ofrece ninguna clase de garant\u00eda sobre los mismos. El usuario reconoce que la aplicaci\u00f3n no es ni ser\u00e1 responsable de los contenidos y\/o servicios prestados o suministrados por terceras partes en y\/o a trav\u00e9s de la aplicaci\u00f3n. El usuario acepta que la aplicaci\u00f3n no asumir\u00e1 responsabilidad alguna por cualquier da\u00f1o o perjuicio producido como consecuencia de la utilizaci\u00f3n de esta informaci\u00f3n o servicios de terceros.<\/p>\n\n\n\n<p>Exceptuando los casos que la Ley imponga expresamente lo contrario, y exclusivamente con la medida y extensi\u00f3n en que lo imponga, la aplicaci\u00f3n no garantiza ni asume responsabilidad alguna respecto a los posibles da\u00f1os y perjuicios causados por el uso y utilizaci\u00f3n de la informaci\u00f3n, datos y servicios de la aplicaci\u00f3n.<\/p>\n\n\n\n<p>En todo caso, la aplicaci\u00f3n excluye cualquier responsabilidad por los da\u00f1os y perjuicios que puedan deberse a la informaci\u00f3n y\/o servicios prestados o suministrados por terceros diferentes de la Empresa. Toda responsabilidad ser\u00e1 del tercero ya sea proveedor, colaborador u otro.<\/p>\n\n\n\n<p>Opc B. La aplicaci\u00f3n controlar\u00e1 la licitud de aquellos contenidos o servicios prestados a trav\u00e9s de la plataforma por terceras partes. En caso de que el usuario como consecuencia de la utilizaci\u00f3n de la aplicaci\u00f3n sufra alg\u00fan da\u00f1o o perjuicio podr\u00e1 comunicarlo y se tomar\u00e1n las medidas que se estimen oportunas para solventarlo.<\/p>\n\n\n\n<p><strong>Obligaciones del Usuario:<\/strong><\/p>\n\n\n\n<p>El usuario deber\u00e1 respetar en todo momento los t\u00e9rminos y condiciones establecidos en el presente aviso legal. De forma expresa, el usuario manifiesta que utilizar\u00e1 el portal de forma diligente y asumiendo cualquier responsabilidad que pudiera derivarse del incumplimiento de las normas.<\/p>\n\n\n\n<p>El usuario se obliga, en aquellos casos que se le soliciten datos o informaci\u00f3n, a no falsear su identidad haci\u00e9ndose pasar por cualquier otra persona. El usuario acepta que la utilizaci\u00f3n del Portal ser\u00e1 efectuada con fines estrictamente personales, privados y particulares. El usuario no podr\u00e1 utilizar el portal para actividades contrarias a la Ley, la moral y el orden p\u00fablico as\u00ed como para finalidades prohibidas o que vulneren o lesionen derechos de terceros. Asimismo, queda prohibida la difusi\u00f3n, almacenamiento y\/o gesti\u00f3n de datos o contenidos que infrinjan derechos de terceros o cualesquiera normativas reguladoras de derechos de propiedad intelectual o industrial.<\/p>\n\n\n\n<p>As\u00ed mismo, el usuario no podr\u00e1 utilizar el portal para transmitir, almacenar, divulgar promover o distribuir datos o contenidos que sean portadores de virus o cualquier otro c\u00f3digo inform\u00e1tico, archivos o programas dise\u00f1ados para interrumpir, destruir o perjudicar el funcionamiento de cualquier programa o equipo inform\u00e1tico o de telecomunicaciones.<\/p>\n\n\n\n<p>El usuario se obliga a indemnizar y a mantener indemnes al portal por cualquier da\u00f1o, perjuicio, sanci\u00f3n, multa, pena o indemnizaci\u00f3n que tenga que hacer frente el portal.<\/p>\n\n\n\n<p><strong>Cumplimiento LOPD:<\/strong><\/p>\n\n\n\n<p>El portal adopta para el tratamiento de los datos todas las medidas t\u00e9cnicas y organizativas de seguridad que sean de obligaci\u00f3n, de conformidad con lo establecido por la legislaci\u00f3n vigente.<\/p>\n\n\n\n<p>El usuario manifiesta de forma expresa que cualquier dato personal o de un tercero al que acceda, introduzca, modifique o suprima tiene derecho a hacerlo o dispone de la autorizaci\u00f3n expresa de este tercero. El portal informa al usuario que podr\u00e1 ejercer los derechos de acceso, rectificaci\u00f3n, oposici\u00f3n y cancelaci\u00f3n dirigi\u00e9ndose a la direcci\u00f3n email de la Asociaci\u00f3n <a href=\"mailto:prozaksoup@gmail.com\" target=\"_blank\" rel=\"noreferrer noopener\">hola@linamorganfreeman.com<\/a>.<\/p>\n\n\n\n<p><strong>Condiciones de la compraventa<\/strong><\/p>\n\n\n\n<p><strong>Pol\u00edtica de devoluciones:<\/strong><\/p>\n\n\n\n<p>Los clientes disponen de un plazo de desistimiento de 14 d\u00edas desde la fecha de recepci\u00f3n dentro de los cuales se podr\u00e1 revocar la compra y la empresa le devolver\u00e1 el importe abonado. Tras la recepci\u00f3n de la devoluci\u00f3n, la empresa se compromete a su reembolso.<\/p>\n\n\n\n<p>Para realizar de forma efectiva el derecho de desistimiento ser\u00e1 necesario ponerse en contacto con la Asociaci\u00f3n a trav\u00e9s del correo electr\u00f3nico:\u00a0<a href=\"mailto:prozaksoup@gmail.com\" target=\"_blank\" rel=\"noreferrer noopener\"><a href=\"mailto:prozaksoup@gmail.com\" target=\"_blank\" rel=\"noreferrer noopener\">hola@linamorganfreeman.com<\/a><\/a><\/p>\n\n\n\n<p><strong>Garant\u00eda:<\/strong><\/p>\n\n\n\n<p>En caso de producto defectuoso, la empresa proceder\u00e1 seg\u00fan corresponda a la reparaci\u00f3n, sustituci\u00f3n, rebaja del precio o resoluci\u00f3n de la compra, gestiones que ser\u00e1n gratuitas para el consumidor. La empresa responde de las faltas de conformidad que se manifiesten dentro de un plazo de 15 desde la entrega.<\/p>\n\n\n\n<p>Las condiciones de la garant\u00eda son las siguientes: El producto recibido debe estar defectuoso (fallos de fabricaci\u00f3n) o no corresponder a su descripci\u00f3n en la p\u00e1gina.<\/p>\n\n\n\n<p><strong>Condiciones de pago:<\/strong><\/p>\n\n\n\n<p>El cliente declara que tiene plena capacidad para realizar la compra, siendo mayor de edad y estando en posesi\u00f3n de una tarjeta de cr\u00e9dito o d\u00e9bito v\u00e1lida y emitida por un banco que resulte aceptable para la empresa. El Cliente garantiza y se responsabiliza de que todos los datos facilitados sobre su tarjeta sean v\u00e1lidos.<\/p>\n","protected":false},"excerpt":{"rendered":"<p>Las presentes condiciones de uso de la p\u00e1gina web, regulan los t\u00e9rminos de acceso y uso de\u00a0linamorganfreeman.com, propiedad de Asociaci\u00f3n Musical HiGain\u00a0y correo electr\u00f3nico\u00a0hola@linamorganfreeman.com, en adelante, \u201cla Asociaci\u00f3n\u201d, que el usuario del portal deber\u00e1 aceptar para usar todos los servicios e informaci\u00f3n que se facilitan desde el portal. El usuario as\u00ed como la Asociaci\u00f3n, propietaria [&hellip;]<\/p>\n","protected":false},"author":1,"featured_media":0,"parent":0,"menu_order":0,"comment_status":"closed","ping_status":"closed","template":"","meta":{"footnotes":""},"class_list":["post-301","page","type-page","status-publish","hentry"],"_links":{"self":[{"href":"https:\/\/linamorganfreeman.com\/index.php\/wp-json\/wp\/v2\/pages\/301","targetHints":{"allow":["GET"]}}],"collection":[{"href":"https:\/\/linamorganfreeman.com\/index.php\/wp-json\/wp\/v2\/pages"}],"about":[{"href":"https:\/\/linamorganfreeman.com\/index.php\/wp-json\/wp\/v2\/types\/page"}],"author":[{"embeddable":true,"href":"https:\/\/linamorganfreeman.com\/index.php\/wp-json\/wp\/v2\/users\/1"}],"replies":[{"embeddable":true,"href":"https:\/\/linamorganfreeman.com\/index.php\/wp-json\/wp\/v2\/comments?post=301"}],"version-history":[{"count":3,"href":"https:\/\/linamorganfreeman.com\/index.php\/wp-json\/wp\/v2\/pages\/301\/revisions"}],"predecessor-version":[{"id":304,"href":"https:\/\/linamorganfreeman.com\/index.php\/wp-json\/wp\/v2\/pages\/301\/revisions\/304"}],"wp:attachment":[{"href":"https:\/\/linamorganfreeman.com\/index.php\/wp-json\/wp\/v2\/media?parent=301"}],"curies":[{"name":"wp","href":"https:\/\/api.w.org\/{rel}","templated":true}]}}